{"id":2118,"date":"2025-09-25T15:01:40","date_gmt":"2025-09-25T13:01:40","guid":{"rendered":"https:\/\/preprod.fdifrance.com\/faq\/"},"modified":"2026-01-20T17:20:07","modified_gmt":"2026-01-20T16:20:07","slug":"faq","status":"publish","type":"page","link":"https:\/\/www.fdifrance.com\/en\/faq\/","title":{"rendered":"FAQ"},"content":{"rendered":"<div class=\"AltiFaq AltiFaqContainer __altimax_faq\">\n    <div class=\"AltiFaq-inner\">\n        <div class=\"AltiFaq-filter\">\n                            <div class=\"AltiFaq-filter--name __altimax_faq_cat\"\n                     data-category=\"32\">\n                    Technical and product questions\n                <\/div>\n                            <div class=\"AltiFaq-filter--name __altimax_faq_cat\"\n                     data-category=\"31\">\n                    Commercial questions\n                <\/div>\n                        <div class=\"AltiFaq-filter--name Link __altimax_faq_cat active\"\n                 data-category=\"all\">\n                View all\n            <\/div>\n        <\/div>\n        <div class=\"AltiFaq-content\">\n                            <div class=\"AltiFaq-question __altimax_faq_item\" data-categories=\"32\">\n                    <div class=\"AltiFaq-question--link __altimax_faq_item_header\">\n                        <div class=\"AltiFaq-question--row\">\n                                                            <div class=\"AltiFaq-question--cat\">Technical and product questions<\/div>\n                                                    <\/div>\n                        <div class=\"AltiFaq-question--title\">How to use a Threepad ?<\/div>\n                    <\/div>\n                    <div class=\"AltiFaq-question--text Content __altimax_faq_item_content\">The threepas is an accessory designed to keep the cane in an upright position when you need a free hand. This product offers <strong>two positions<\/strong>: a high position for comfortable walking, and a low position that allows you to stand the cane upright whenever needed. You can view the <a href=\"https:\/\/preprod.fdifrance.com\/produits\/\" target=\"_blank\" rel=\"noopener\">full description and the user manual here<\/a>\r\n\r\n&nbsp;\r\n\r\n&nbsp;\r\n\r\n&nbsp;<\/div>\n                <\/div>\n                            <div class=\"AltiFaq-question __altimax_faq_item\" data-categories=\"32\">\n                    <div class=\"AltiFaq-question--link __altimax_faq_item_header\">\n                        <div class=\"AltiFaq-question--row\">\n                                                            <div class=\"AltiFaq-question--cat\">Technical and product questions<\/div>\n                                                    <\/div>\n                        <div class=\"AltiFaq-question--title\">Do you manufacture foldable canes ?<\/div>\n                    <\/div>\n                    <div class=\"AltiFaq-question--text Content __altimax_faq_item_content\">FDI France does not manufacture folding canes. However, our partner, Garcia1880, also a manufacturer of elbow crutches and walking sticks, offers a wide range of this type of product : <a class=\"decorated-link\" href=\"https:\/\/ayudasmovilidad.com\/categoria-producto\/bastones-y-muletillas\/\" target=\"_new\" rel=\"noopener\" data-start=\"273\" data-end=\"415\">https:\/\/ayudasmovilidad.com\/categoria-producto\/bastones-y-muletillas\/<\/a><\/div>\n                <\/div>\n                            <div class=\"AltiFaq-question __altimax_faq_item\" data-categories=\"32\">\n                    <div class=\"AltiFaq-question--link __altimax_faq_item_header\">\n                        <div class=\"AltiFaq-question--row\">\n                                                            <div class=\"AltiFaq-question--cat\">Technical and product questions<\/div>\n                                                    <\/div>\n                        <div class=\"AltiFaq-question--title\">Maximum ERGODYNAMIC indicated weight is 130 kg, but there is another label with size S, recommended for people weight 60 kg. I am \u2026 kg, do I have a right size ?<\/div>\n                    <\/div>\n                    <div class=\"AltiFaq-question--text Content __altimax_faq_item_content\"><p data-start=\"64\" data-end=\"221\">The ERGODYNAMIC crutch has been tested to support a static weight of up to 130 kg, which means its overall structure can withstand loads up to this limit.<\/p>\r\n<p data-start=\"223\" data-end=\"339\">However, the unique feature of the ERGODYNAMIC cane lies in its integrated shock absorber, available in three sizes:<\/p>\r\n\r\n<ul data-start=\"341\" data-end=\"482\">\r\n \t<li data-start=\"341\" data-end=\"374\">\r\n<p data-start=\"343\" data-end=\"374\">Size S: for users up to 60 kg<\/p>\r\n<\/li>\r\n \t<li data-start=\"375\" data-end=\"429\">\r\n<p data-start=\"377\" data-end=\"429\">Size M: recommended for users between 60 and 75 kg<\/p>\r\n<\/li>\r\n \t<li data-start=\"430\" data-end=\"482\">\r\n<p data-start=\"432\" data-end=\"482\">Size L: suitable for users between 75 and 130 kg<\/p>\r\n<\/li>\r\n<\/ul>\r\n<p data-start=\"484\" data-end=\"763\">In other words, if you weigh 100 kg and use a size M cane, the structure of the cane will still be compatible with your body weight. However, the shock absorber will be compressed beyond its optimal capacity, which will reduce or eliminate the cushioning effect while walking.<\/p><\/div>\n                <\/div>\n                            <div class=\"AltiFaq-question __altimax_faq_item\" data-categories=\"32\">\n                    <div class=\"AltiFaq-question--link __altimax_faq_item_header\">\n                        <div class=\"AltiFaq-question--row\">\n                                                            <div class=\"AltiFaq-question--cat\">Technical and product questions<\/div>\n                                                    <\/div>\n                        <div class=\"AltiFaq-question--title\">Pourquoi vous n&#039;ajoutez pas les dragonnes sur toutes vos cannes\u00a0?<\/div>\n                    <\/div>\n                    <div class=\"AltiFaq-question--text Content __altimax_faq_item_content\">Les dragonnes sont des accessoires optionnels pour les b\u00e9quilles et les cannes, et la plupart des utilisateurs n\u2019en ont pas besoin. Il est recommand\u00e9 d\u2019\u00eatre particuli\u00e8rement vigilant lorsqu\u2019on utilise une canne avec dragonne, car le risque de blessure en cas de chute est plus \u00e9lev\u00e9. Si vous souhaitez malgr\u00e9 tout utiliser une dragonne, vous pouvez l\u2019acheter s\u00e9par\u00e9ment en tant qu\u2019accessoire<\/div>\n                <\/div>\n                            <div class=\"AltiFaq-question __altimax_faq_item\" data-categories=\"31\">\n                    <div class=\"AltiFaq-question--link __altimax_faq_item_header\">\n                        <div class=\"AltiFaq-question--row\">\n                                                            <div class=\"AltiFaq-question--cat\">Commercial questions<\/div>\n                                                    <\/div>\n                        <div class=\"AltiFaq-question--title\">Can I change the grip of SOFT STEP\u00a0?<\/div>\n                    <\/div>\n                    <div class=\"AltiFaq-question--text Content __altimax_faq_item_content\">We understand that this can be frustrating, but unfortunately, the grip of the Soft Step stick is one of the few parts we cannot replace. To replace your cane, we invite you to contact your usual retailer or one of our distributors. You can easily find the <a href=\"http:\/\/preprod.fdifrance.com\/reseau-de-distribution\/\" target=\"_blank\" rel=\"noopener\">nearest one here<\/a> and choose your new cane with ease.<\/div>\n                <\/div>\n                            <div class=\"AltiFaq-question __altimax_faq_item\" data-categories=\"31\">\n                    <div class=\"AltiFaq-question--link __altimax_faq_item_header\">\n                        <div class=\"AltiFaq-question--row\">\n                                                            <div class=\"AltiFaq-question--cat\">Commercial questions<\/div>\n                                                    <\/div>\n                        <div class=\"AltiFaq-question--title\">Where can I buy your crutches\u00a0?<\/div>\n                    <\/div>\n                    <div class=\"AltiFaq-question--text Content __altimax_faq_item_content\">Nous sommes pr\u00e9sents dans 55 pays gr\u00e2ce \u00e0 plus de 80 distributeurs. Pour trouver facilement celui qui est le plus proche de chez vous, <a href=\"http:\/\/preprod.fdifrance.com\/reseau-de-distribution\/\" target=\"_blank\" rel=\"noopener\">consultez la liste de nos partenaires ici<\/a> et contactez le d\u00e8s aujourd\u2019hui !\r\n\r\nOur products can be found in 55 countries through more than 80 distributors. To easily find the one closest to you, check out <a href=\"http:\/\/preprod.fdifrance.com\/reseau-de-distribution\/\" target=\"_blank\" rel=\"noopener\">our list of partners<\/a> here and get in touch with them today!<\/div>\n                <\/div>\n                            <div class=\"AltiFaq-question __altimax_faq_item\" data-categories=\"31\">\n                    <div class=\"AltiFaq-question--link __altimax_faq_item_header\">\n                        <div class=\"AltiFaq-question--row\">\n                                                            <div class=\"AltiFaq-question--cat\">Commercial questions<\/div>\n                                                    <\/div>\n                        <div class=\"AltiFaq-question--title\">Can we buy directly on your website\u00a0?<\/div>\n                    <\/div>\n                    <div class=\"AltiFaq-question--text Content __altimax_faq_item_content\">FDI France works exclusively with medical equipment retailers. Our products are not available for direct sale on our website, but you can easily find them through <a href=\"http:\/\/preprod.fdifrance.com\/reseau-de-distribution\/\" target=\"_blank\" rel=\"noopener\">our partners.<\/a><\/div>\n                <\/div>\n                            <div class=\"AltiFaq-question __altimax_faq_item\" data-categories=\"31,32\">\n                    <div class=\"AltiFaq-question--link __altimax_faq_item_header\">\n                        <div class=\"AltiFaq-question--row\">\n                                                            <div class=\"AltiFaq-question--cat\">Commercial questions<\/div>\n                                                            <div class=\"AltiFaq-question--cat\">Technical and product questions<\/div>\n                                                    <\/div>\n                        <div class=\"AltiFaq-question--title\">How can I purchase the spare parts\u00a0?<\/div>\n                    <\/div>\n                    <div class=\"AltiFaq-question--text Content __altimax_faq_item_content\">To purchase spare parts, please contact your usual retailer or one of <a href=\"http:\/\/preprod.fdifrance.com\/reseau-de-distribution\/\" target=\"_blank\" rel=\"noopener\">our distributors<\/a>.<\/div>\n                <\/div>\n                            <div class=\"AltiFaq-question __altimax_faq_item\" data-categories=\"32\">\n                    <div class=\"AltiFaq-question--link __altimax_faq_item_header\">\n                        <div class=\"AltiFaq-question--row\">\n                                                            <div class=\"AltiFaq-question--cat\">Technical and product questions<\/div>\n                                                    <\/div>\n                        <div class=\"AltiFaq-question--title\">Can I change the soft part of grips\u00a0?<\/div>\n                    <\/div>\n                    <div class=\"AltiFaq-question--text Content __altimax_faq_item_content\">Vous pouvez changer les poign\u00e9es sur toutes nos cannes anglaises.<br data-start=\"178\" data-end=\"181\" \/>Nous proposons trois types de poign\u00e9es selon vos besoins en confort : <strong data-start=\"253\" data-end=\"266\" data-is-only-node=\"\">Safe Walk<\/strong>, <strong data-start=\"268\" data-end=\"279\">Comfort<\/strong> et <strong data-start=\"283\" data-end=\"299\">Opti-Comfort<\/strong>.<br data-start=\"300\" data-end=\"303\" \/>Pour savoir comment remplacer la poign\u00e9e, consultez la notice d\u2019utilisation, \u00e0 l\u2019article <strong data-start=\"394\" data-end=\"401\">6.2<\/strong>.\r\n\r\nThe grips can be replaced on all our elbow crutches.<br data-start=\"67\" data-end=\"70\" \/>We offer three types of grips depending on your comfort needs: <strong>Safe Walk, Comfort, and Opti-Comfort.<\/strong><br data-start=\"172\" data-end=\"175\" \/>To find out how to replace the grips, please refer to the user manual, section <strong>6.2.<\/strong><\/div>\n                <\/div>\n                            <div class=\"AltiFaq-question __altimax_faq_item\" data-categories=\"\">\n                    <div class=\"AltiFaq-question--link __altimax_faq_item_header\">\n                        <div class=\"AltiFaq-question--row\">\n                                                    <\/div>\n                        <div class=\"AltiFaq-question--title\">What is the material of soft part of the grip ?<\/div>\n                    <\/div>\n                    <div class=\"AltiFaq-question--text Content __altimax_faq_item_content\">Our grips are made from a mixture of soft plastics, providing both comfort and safety. To prevent any risk of allergies, they are completely <strong>free of latex and silicone<\/strong>.<\/div>\n                <\/div>\n                    <\/div>\n    <\/div>\n<\/div>\n","protected":false},"excerpt":{"rendered":"","protected":false},"author":1,"featured_media":0,"parent":0,"menu_order":0,"comment_status":"closed","ping_status":"closed","template":"","meta":{"_acf_changed":false,"footnotes":""},"class_list":["post-2118","page","type-page","status-publish","hentry"],"acf":[],"_links":{"self":[{"href":"https:\/\/www.fdifrance.com\/en\/wp-json\/wp\/v2\/pages\/2118","targetHints":{"allow":["GET"]}}],"collection":[{"href":"https:\/\/www.fdifrance.com\/en\/wp-json\/wp\/v2\/pages"}],"about":[{"href":"https:\/\/www.fdifrance.com\/en\/wp-json\/wp\/v2\/types\/page"}],"author":[{"embeddable":true,"href":"https:\/\/www.fdifrance.com\/en\/wp-json\/wp\/v2\/users\/1"}],"replies":[{"embeddable":true,"href":"https:\/\/www.fdifrance.com\/en\/wp-json\/wp\/v2\/comments?post=2118"}],"version-history":[{"count":3,"href":"https:\/\/www.fdifrance.com\/en\/wp-json\/wp\/v2\/pages\/2118\/revisions"}],"predecessor-version":[{"id":2231,"href":"https:\/\/www.fdifrance.com\/en\/wp-json\/wp\/v2\/pages\/2118\/revisions\/2231"}],"wp:attachment":[{"href":"https:\/\/www.fdifrance.com\/en\/wp-json\/wp\/v2\/media?parent=2118"}],"curies":[{"name":"wp","href":"https:\/\/api.w.org\/{rel}","templated":true}]}}